{"id":1168,"date":"2024-09-05T08:00:39","date_gmt":"2024-09-05T08:00:39","guid":{"rendered":"https:\/\/www.bianca-roters.de\/?page_id=1168"},"modified":"2025-03-04T15:48:58","modified_gmt":"2025-03-04T15:48:58","slug":"moodle-kurse","status":"publish","type":"page","link":"https:\/\/www.bianca-roters.de\/?page_id=1168","title":{"rendered":"Moodle-Kurse"},"content":{"rendered":"\n<p>Ich habe zwei Moodle-Kurse in meinem pers\u00f6nlichen <a href=\"https:\/\/moodle.bianca-roters.de\/\" target=\"_blank\" rel=\"noreferrer noopener\">Moodle-Bereich<\/a> frei ver\u00f6ffentlicht (bitte auf Gast klicken): <\/p>\n\n\n\n<p><a href=\"https:\/\/moodle.bianca-roters.de\/course\/view.php?id=2\">The future is now &#8211; Hybride Unterrichtsentwicklung im Fach Englisch<\/a><\/p>\n\n\n\n<p><a href=\"https:\/\/moodle.bianca-roters.de\/course\/view.php?id=24\">Essentials Studying EFL at PH Ludwigsburg<\/a><br><\/p>\n\n\n\n<p>Dieses Angebot ist als virtueller Unterrichtsentwicklungs- und Seminarraum zu verstehen.\u00a0Weitere Moodle-Kurse setze ich in meinen Lehrveranstaltungen ein. Diese sind jedoch nur f\u00fcr Teilnehmende in meinen Kursen zug\u00e4nglich. <\/p>\n\n\n\n<p>Der Moodle-Kurs zum <strong><a class=\"docs-creator\" href=\"https:\/\/www.leuphana.de\/institute\/ies\/didaktik-des-englischen\/qualities-qualifying-teachers-for-innovative-english-settings-englischunterricht-in-heterogenen-lerngruppen-der-sekundarstufe-1.html\" target=\"_blank\" rel=\"noreferrer noopener\">QualiTIES<\/a><\/strong>-Projekt ist als<a class=\"docs-creator\" href=\"https:\/\/402000.logineonrw-lms.de\/\">\u00a0OER-Ressource<\/a>\u00a0zug\u00e4nglich (\u00fcber Kachel Heterogenit\u00e4t, 1. Projekt).<br><br><\/p>\n","protected":false},"excerpt":{"rendered":"<p>Ich habe zwei Moodle-Kurse in meinem pers\u00f6nlichen Moodle-Bereich frei ver\u00f6ffentlicht (bitte auf Gast klicken): The future is now &#8211; Hybride Unterrichtsentwicklung im Fach Englisch Essentials Studying EFL at PH Ludwigsburg Dieses Angebot ist als virtueller Unterrichtsentwicklungs- und Seminarraum zu verstehen.\u00a0Weitere Moodle-Kurse setze ich in meinen Lehrveranstaltungen ein. Diese sind jedoch nur f\u00fcr Teilnehmende in meinen [&hellip;]<\/p>\n","protected":false},"author":1,"featured_media":0,"parent":714,"menu_order":2,"comment_status":"closed","ping_status":"closed","template":"","meta":{"footnotes":""},"class_list":["post-1168","page","type-page","status-publish","hentry"],"_links":{"self":[{"href":"https:\/\/www.bianca-roters.de\/index.php?rest_route=\/wp\/v2\/pages\/1168","targetHints":{"allow":["GET"]}}],"collection":[{"href":"https:\/\/www.bianca-roters.de\/index.php?rest_route=\/wp\/v2\/pages"}],"about":[{"href":"https:\/\/www.bianca-roters.de\/index.php?rest_route=\/wp\/v2\/types\/page"}],"author":[{"embeddable":true,"href":"https:\/\/www.bianca-roters.de\/index.php?rest_route=\/wp\/v2\/users\/1"}],"replies":[{"embeddable":true,"href":"https:\/\/www.bianca-roters.de\/index.php?rest_route=%2Fwp%2Fv2%2Fcomments&post=1168"}],"version-history":[{"count":5,"href":"https:\/\/www.bianca-roters.de\/index.php?rest_route=\/wp\/v2\/pages\/1168\/revisions"}],"predecessor-version":[{"id":1341,"href":"https:\/\/www.bianca-roters.de\/index.php?rest_route=\/wp\/v2\/pages\/1168\/revisions\/1341"}],"up":[{"embeddable":true,"href":"https:\/\/www.bianca-roters.de\/index.php?rest_route=\/wp\/v2\/pages\/714"}],"wp:attachment":[{"href":"https:\/\/www.bianca-roters.de\/index.php?rest_route=%2Fwp%2Fv2%2Fmedia&parent=1168"}],"curies":[{"name":"wp","href":"https:\/\/api.w.org\/{rel}","templated":true}]}}