{"id":1292,"date":"2025-03-04T09:17:06","date_gmt":"2025-03-04T09:17:06","guid":{"rendered":"https:\/\/www.bianca-roters.de\/?page_id=1292"},"modified":"2026-04-30T10:21:42","modified_gmt":"2026-04-30T10:21:42","slug":"development-of-augmented-lesson-planning-in-english-teacher-education","status":"publish","type":"page","link":"https:\/\/www.bianca-roters.de\/?page_id=1292","title":{"rendered":"Augmented EFL Lesson Planning"},"content":{"rendered":"\n<p><strong>Digital Fusion:<\/strong> <strong>Development of Augmented Lesson Planning in EFL Teacher Education<\/strong><\/p>\n\n\n\n<p><a href=\"https:\/\/www.ph-ludwigsburg.de\/fakultaet-2\/institut-fuer-englisch\/benjamin-ade-thurow\" target=\"_blank\" rel=\"noreferrer noopener\">Dr. Benjamin Ade-Thurow<\/a>&nbsp;&amp; Prof. Dr. Bianca Roters (University of Education Ludwigsburg, Germany)<\/p>\n\n\n\n<p>With the publication of the new educational standards for English at the lower secondary level (KMK 2023), foreign language-specific digital competence has been introduced as an integral component of competence development. Consequently, it is essential to prepare prospective EFL teachers for the implementation of this concept from the very beginning of their professionalization process in order to enhance their professional vision (e.g., H\u00fcttner 2022).<\/p>\n\n\n\n<p>The presented concept aims to foster augmented lesson planning competencies, using artificial intelligence (AI) as a debate bot to assist in developing lesson sketches. Based on established models for lesson planning in English language teaching (e.g., ProPLan, Diehr 2020, 2021), prospective teachers create initial lesson sketches in response to a video prompt, which are then compared with AI-generated outcomes. This process is critically reflected upon in terms of subject-specific pedagogical standards and modified in subsequent iterations.<\/p>\n\n\n\n<p>As part of their training, students learn to adjust prompts in order to iteratively refine their lesson planning. The concept will be implemented in seminars starting in the winter semester 2024\/2025 at the University of Education Ludwigsburg (Germany) and will be evaluated with regard to students&#8217; professional vision and reflection competence.<\/p>\n\n\n<div class=\"wp-block-image\">\n<figure class=\"aligncenter size-full is-resized\"><a href=\"https:\/\/www.bianca-roters.de\/wp-content\/uploads\/2025\/07\/ChatGPT-Image-31.-Juli-2025-08_08_21.png\"><img loading=\"lazy\" decoding=\"async\" width=\"1024\" height=\"1024\" src=\"https:\/\/www.bianca-roters.de\/wp-content\/uploads\/2025\/07\/ChatGPT-Image-31.-Juli-2025-08_08_21.png\" alt=\"\" class=\"wp-image-1616\" style=\"width:360px;height:auto\" srcset=\"https:\/\/www.bianca-roters.de\/wp-content\/uploads\/2025\/07\/ChatGPT-Image-31.-Juli-2025-08_08_21.png 1024w, https:\/\/www.bianca-roters.de\/wp-content\/uploads\/2025\/07\/ChatGPT-Image-31.-Juli-2025-08_08_21-300x300.png 300w, https:\/\/www.bianca-roters.de\/wp-content\/uploads\/2025\/07\/ChatGPT-Image-31.-Juli-2025-08_08_21-150x150.png 150w, https:\/\/www.bianca-roters.de\/wp-content\/uploads\/2025\/07\/ChatGPT-Image-31.-Juli-2025-08_08_21-768x768.png 768w, https:\/\/www.bianca-roters.de\/wp-content\/uploads\/2025\/07\/ChatGPT-Image-31.-Juli-2025-08_08_21-624x624.png 624w\" sizes=\"auto, (max-width: 1024px) 100vw, 1024px\" \/><\/a><\/figure>\n<\/div>\n\n\n<p><strong>publications:<\/strong><br>Roters, Bianca, &amp; Ade-Thurow, Benjamin. Professional Vision and AI-augmented Lesson Planning in EFL Pre-service Teacher Education. Zenodo, 29 Apr. 2026,\u00a0<a href=\"https:\/\/doi.org\/10.5281\/zenodo.19885301\">https:\/\/doi.org\/10.5281\/zenodo.19885301 <span><a href=\"javascript:\"><img decoding=\"async\" identifier=\"10.5281\/zenodo.19885301\" identifiertype=\"1\" title=\"Titel anhand dieser DOI in Citavi-Projekt \u00fcbernehmen\" existsinproject=\"0\" class=\"citavipicker\" style=\"border: 0px none!important;width: 16px!important;height: 16px!important;margin-left:1px !important;margin-right:1px !important;\" src=\"data:image\/svg+xml;base64,PD94bWwgdmVyc2lvbj0iMS4wIiBlbmNvZGluZz0idXRmLTgiPz48IURPQ1RZUEUgc3ZnIFBVQkxJQyAiLS8vVzNDLy9EVEQgU1ZHIDEuMS8vRU4iICJodHRwOi8vd3d3LnczLm9yZy9HcmFwaGljcy9TVkcvMS4xL0RURC9zdmcxMS5kdGQiPjxzdmcgdmVyc2lvbj0iMS4xIiBpZD0iRWJlbmVfMSIgeG1sbnM9Imh0dHA6Ly93d3cudzMub3JnLzIwMDAvc3ZnIiB4bWxuczp4bGluaz0iaHR0cDovL3d3dy53My5vcmcvMTk5OS94bGluayIgeD0iMHB4IiB5PSIwcHgiIHdpZHRoPSIxNnB4IiBoZWlnaHQ9IjE2cHgiIHZpZXdCb3g9IjAgMCAxNiAxNiIgZW5hYmxlLWJhY2tncm91bmQ9Im5ldyAwIDAgMTYgMTYiIHhtbDpzcGFjZT0icHJlc2VydmUiPjxnPjxnPjxwYXRoIGZpbGw9IiNGRkZGRkYiIGQ9Ik04LjAwMSwxNS41QzMuODY0LDE1LjUsMC41LDEyLjEzNiwwLjUsOGMwLTQuMTM1LDMuMzY1LTcuNSw3LjUwMS03LjVTMTUuNSwzLjg2NCwxNS41LDhTMTIuMTM3LDE1LjUsOC4wMDEsMTUuNXoiLz48cGF0aCBmaWxsPSIjRDUyQjFFIiBkPSJNOC4wMDEsMUMxMS44NiwxLDE1LDQuMTQxLDE1LDhzLTMuMTM5LDctNi45OTksN0M0LjE0LDE1LDEsMTEuODU5LDEsOFM0LjE0LDEsOC4wMDEsMSBNOC4wMDEsMEMzLjU4MiwwLDAsMy41ODIsMCw4czMuNTgyLDgsOC4wMDEsOEMxMi40MTgsMTYsMTYsMTIuNDE4LDE2LDhTMTIuNDE4LDAsOC4wMDEsMEw4LjAwMSwweiIvPjwvZz48cGF0aCBmaWxsPSIjRDUyQjFFIiBkPSJNNi43NDUsMTIuNTg5Yy0wLjIyNywwLjEyMi0wLjQ5NywwLjI0Ny0wLjY4NCwwLjI0N2MtMC4zMTgsMC0wLjUwMS0wLjE2NC0wLjUwMS0wLjQ1MmMwLTAuMjA3LDAuMTQtMC4zNzUsMC41OTUtMC42MjJjMS41NDktMC45MDQsMi41OTQtMi4yNzIsMi41OTQtMy43MjFjMC0wLjgyNS0wLjIyNy0xLjExOS0wLjY4MS0xLjExOWMtMC4xMzUsMC0wLjMyLDAuMjE5LTAuNjM2LDAuMjE5SDcuMTU3QzYuMTAyLDcuMTQzLDUuMzMzLDYuMjY0LDUuMzMzLDUuMjNjMC0xLjE1MiwwLjk1OC0yLjAwNiwyLjI4LTIuMDA2YzEuNzc3LDAsMy4wNTMsMS4zNzMsMy4wNTMsMy40M0MxMC42NjYsOS4yMTUsOS4yMDMsMTEuMjcsNi43NDUsMTIuNTg5Ii8+PC9nPjwvc3ZnPg\"><\/a><\/span><\/a>.<\/p>\n\n\n\n<p>Ade-Thurow, Benjamin &amp; Roters, Bianca (2025).&nbsp;<em>Augmented Lesson Planning<\/em>&nbsp;als Professionalisierungsmoment f\u00fcr die&nbsp;<em>agency&nbsp;<\/em>angehender Englischlehrkr\u00e4fte. k:ON -K\u00f6lner Online Journal f\u00fcr Lehrer*innenbildung 9, S. 1-21. <a href=\"https:\/\/doi.org\/10.18716\/ojs\/kON\/2025.1\" target=\"_blank\" rel=\"noreferrer noopener\">https:\/\/doi.org\/10.18716\/ojs\/kON\/2025.1 <\/a><a href=\"javascript:\"><img decoding=\"async\" identifier=\"10.18716\/ojs\/kON\/2025.1\" identifiertype=\"1\" title=\"Titel anhand dieser DOI in Citavi-Projekt \u00fcbernehmen\" existsinproject=\"0\" class=\"citavipicker\" style=\"border: 0px none!important;width: 16px!important;height: 16px!important;margin-left:1px !important;margin-right:1px !important;\" src=\"data:image\/svg+xml;base64,PD94bWwgdmVyc2lvbj0iMS4wIiBlbmNvZGluZz0idXRmLTgiPz48IURPQ1RZUEUgc3ZnIFBVQkxJQyAiLS8vVzNDLy9EVEQgU1ZHIDEuMS8vRU4iICJodHRwOi8vd3d3LnczLm9yZy9HcmFwaGljcy9TVkcvMS4xL0RURC9zdmcxMS5kdGQiPjxzdmcgdmVyc2lvbj0iMS4xIiBpZD0iRWJlbmVfMSIgeG1sbnM9Imh0dHA6Ly93d3cudzMub3JnLzIwMDAvc3ZnIiB4bWxuczp4bGluaz0iaHR0cDovL3d3dy53My5vcmcvMTk5OS94bGluayIgeD0iMHB4IiB5PSIwcHgiIHdpZHRoPSIxNnB4IiBoZWlnaHQ9IjE2cHgiIHZpZXdCb3g9IjAgMCAxNiAxNiIgZW5hYmxlLWJhY2tncm91bmQ9Im5ldyAwIDAgMTYgMTYiIHhtbDpzcGFjZT0icHJlc2VydmUiPjxnPjxnPjxwYXRoIGZpbGw9IiNGRkZGRkYiIGQ9Ik04LjAwMSwxNS41QzMuODY0LDE1LjUsMC41LDEyLjEzNiwwLjUsOGMwLTQuMTM1LDMuMzY1LTcuNSw3LjUwMS03LjVTMTUuNSwzLjg2NCwxNS41LDhTMTIuMTM3LDE1LjUsOC4wMDEsMTUuNXoiLz48cGF0aCBmaWxsPSIjRDUyQjFFIiBkPSJNOC4wMDEsMUMxMS44NiwxLDE1LDQuMTQxLDE1LDhzLTMuMTM5LDctNi45OTksN0M0LjE0LDE1LDEsMTEuODU5LDEsOFM0LjE0LDEsOC4wMDEsMSBNOC4wMDEsMEMzLjU4MiwwLDAsMy41ODIsMCw4czMuNTgyLDgsOC4wMDEsOEMxMi40MTgsMTYsMTYsMTIuNDE4LDE2LDhTMTIuNDE4LDAsOC4wMDEsMEw4LjAwMSwweiIvPjwvZz48cGF0aCBmaWxsPSIjRDUyQjFFIiBkPSJNNi43NDUsMTIuNTg5Yy0wLjIyNywwLjEyMi0wLjQ5NywwLjI0Ny0wLjY4NCwwLjI0N2MtMC4zMTgsMC0wLjUwMS0wLjE2NC0wLjUwMS0wLjQ1MmMwLTAuMjA3LDAuMTQtMC4zNzUsMC41OTUtMC42MjJjMS41NDktMC45MDQsMi41OTQtMi4yNzIsMi41OTQtMy43MjFjMC0wLjgyNS0wLjIyNy0xLjExOS0wLjY4MS0xLjExOWMtMC4xMzUsMC0wLjMyLDAuMjE5LTAuNjM2LDAuMjE5SDcuMTU3QzYuMTAyLDcuMTQzLDUuMzMzLDYuMjY0LDUuMzMzLDUuMjNjMC0xLjE1MiwwLjk1OC0yLjAwNiwyLjI4LTIuMDA2YzEuNzc3LDAsMy4wNTMsMS4zNzMsMy4wNTMsMy40M0MxMC42NjYsOS4yMTUsOS4yMDMsMTEuMjcsNi43NDUsMTIuNTg5Ii8+PC9nPjwvc3ZnPg\"><\/a><span><a href=\"javascript:\"><\/a><\/span><\/p>\n\n\n\n<p><\/p>\n","protected":false},"excerpt":{"rendered":"<p>Digital Fusion: Development of Augmented Lesson Planning in EFL Teacher Education Dr. Benjamin Ade-Thurow&nbsp;&amp; Prof. Dr. Bianca Roters (University of Education Ludwigsburg, Germany) With the publication of the new educational standards for English at the lower secondary level (KMK 2023), foreign language-specific digital competence has been introduced as an integral component of competence development. Consequently, [&hellip;]<\/p>\n","protected":false},"author":1,"featured_media":0,"parent":371,"menu_order":3,"comment_status":"closed","ping_status":"closed","template":"","meta":{"footnotes":""},"class_list":["post-1292","page","type-page","status-publish","hentry"],"_links":{"self":[{"href":"https:\/\/www.bianca-roters.de\/index.php?rest_route=\/wp\/v2\/pages\/1292","targetHints":{"allow":["GET"]}}],"collection":[{"href":"https:\/\/www.bianca-roters.de\/index.php?rest_route=\/wp\/v2\/pages"}],"about":[{"href":"https:\/\/www.bianca-roters.de\/index.php?rest_route=\/wp\/v2\/types\/page"}],"author":[{"embeddable":true,"href":"https:\/\/www.bianca-roters.de\/index.php?rest_route=\/wp\/v2\/users\/1"}],"replies":[{"embeddable":true,"href":"https:\/\/www.bianca-roters.de\/index.php?rest_route=%2Fwp%2Fv2%2Fcomments&post=1292"}],"version-history":[{"count":16,"href":"https:\/\/www.bianca-roters.de\/index.php?rest_route=\/wp\/v2\/pages\/1292\/revisions"}],"predecessor-version":[{"id":1733,"href":"https:\/\/www.bianca-roters.de\/index.php?rest_route=\/wp\/v2\/pages\/1292\/revisions\/1733"}],"up":[{"embeddable":true,"href":"https:\/\/www.bianca-roters.de\/index.php?rest_route=\/wp\/v2\/pages\/371"}],"wp:attachment":[{"href":"https:\/\/www.bianca-roters.de\/index.php?rest_route=%2Fwp%2Fv2%2Fmedia&parent=1292"}],"curies":[{"name":"wp","href":"https:\/\/api.w.org\/{rel}","templated":true}]}}