{"id":16,"date":"2014-05-02T07:38:54","date_gmt":"2014-05-02T07:38:54","guid":{"rendered":"http:\/\/wordpress.bianca-roters.de\/?page_id=16"},"modified":"2026-01-02T16:11:09","modified_gmt":"2026-01-02T16:11:09","slug":"vita","status":"publish","type":"page","link":"https:\/\/www.bianca-roters.de\/?page_id=16","title":{"rendered":"Curriculum Vitae"},"content":{"rendered":"<p><strong>Wissenschaftlicher Werdegang<\/strong><\/p>\n<table width=\"625\">\n<tbody>\n<tr>\n<td width=\"156\">02\/2011-01\/2013<\/td>\n<td width=\"497\">2. Staatsexamen Sekundarstufe II\/I (Deutsch, Englisch)<\/td>\n<\/tr>\n<tr>\n<td width=\"156\">08\/2011<\/td>\n<td width=\"497\">Promotion an der Universit\u00e4t Bielefeld, Fakult\u00e4t f\u00fcr Erziehungswissenschaft (interdisziplin\u00e4re Arbeit; mit Auszeichnung)<br \/>\nTitel der Dissertation:<br \/>\n<em>Fachspezifische Reflexion als Teil der Professionalisierung angehender Fremdsprachenlehrerinnen und -lehrer. Eine empirische Studie zu hochschuldidaktischen Ausbildungskonzepten an einer deutschen und einer US-amerikanischen Universit\u00e4t\u00a0<\/em>(Publikation bei\u00a0<a class=\"docs-creator\" href=\"http:\/\/www.waxmann.com\/?buchnr=2662&amp;cHash=1&amp;id=20\">Waxmann<\/a>, 2012)<\/td>\n<\/tr>\n<tr>\n<td width=\"156\">06\/2004<\/td>\n<td width=\"497\">1. Staatsexamen Sekundarstufe II\/I (Deutsch, Englisch, 3. Fach kath. Religion), TU Dortmund<\/td>\n<\/tr>\n<tr>\n<td width=\"156\">06\/2002-11\/2004<\/td>\n<td width=\"497\">Aufbaustudium \u201eBilinguales Lernen und Lehren\u201c, TU Dortmund<\/td>\n<\/tr>\n<tr>\n<td width=\"156\">08\/2001-05\/2002<\/td>\n<td width=\"497\"><em>Graduate Student, University of Virginia,<\/em>\u00a0Charlottesville (USA)<\/td>\n<\/tr>\n<\/tbody>\n<\/table>\n<p><strong>Berufliche T\u00e4tigkeiten<\/strong><\/p>\n<table width=\"625\">\n<tbody>\n<tr>\n<td width=\"156\">seit 01.09.2023<\/td>\n<td width=\"497\">Professur Sprachwissenschaft und Sprachdidaktik im Fach Englisch, PH Ludwigsburg (stellvertretende Institutsleitung ab April 2024, Institutsleitung ab April 2025)<\/td>\n<\/tr>\n<tr>\n<td width=\"156\">seit September 2020<\/td>\n<td width=\"497\">Koordination des Sachfeldes \u201eSprachlehr- und Sprachlernmethoden\u201c (zusammen mit Prof&#8217;in Monika Angela Budde)<br \/>\nW\u00f6rterbuch zur Sprach- und Kommunikationswissenschaft (WSK), Bd. 16 Sprachdidaktik (Hrsg. Kilian, J\u00f6rg, Rymarczyk, Jutta)<\/td>\n<\/tr>\n<tr>\n<td width=\"156\">2016-2019<\/td>\n<td width=\"497\">Mitglied des ZZL-Expertennetzwerks \u201eHeterogenit\u00e4t und Inklusion\u201c der Leuphana Universit\u00e4t L\u00fcneburg<\/td>\n<\/tr>\n<tr>\n<td width=\"156\">02\/2015-08\/2023<\/td>\n<td width=\"497\">Referentin\u00a0f\u00fcr Fremdsprachen, Arbeitsbereich 4 (Unterrichtsentwicklung der allgemeinbildenden und der F\u00f6rderschulen \u2013 Standardentwicklung), Qualit\u00e4ts- und Unterst\u00fctzungsAgentur &#8211; Landesinstitut f\u00fcr Schule NRW<\/p>\n<ul>\n<li>Projektleitung Curriculumentwicklung in den Fremdsprachen (Sek I\/II, alle Schulformen)<\/li>\n<li>Fachliche Leitung und Koordination von Unterrichtsentwicklungsprojekten und Unterst\u00fctzungsmaterial in allen Schulformen (Schwerpunkte: Englisch in der Grundschule, inklusiver Englischunterricht, digitale Medien im Englischunterricht, Differenzierung durch Literatur, &#8230;)<\/li>\n<li>Tagungsorganisation<\/li>\n<li>Kooperationsprojekte mit wissenschaftlichen Einrichtungen (u.a. Gr\u00fcndung des\u00a0<a class=\"docs-creator\" href=\"http:\/\/inklusiver-englischunterricht.de\/\">wissenschaftlichen Netzwerks inklusiver Englischunterricht<\/a>)<\/li>\n<\/ul>\n<\/td>\n<\/tr>\n<tr>\n<td width=\"156\">04\/2013-01\/2015<\/td>\n<td width=\"497\">Gesch\u00e4ftsf\u00fchrerin Interdisziplin\u00e4res Zentrum f\u00fcr empirische Lehrer- und Unterrichtsforschung (IZeF), Universit\u00e4t zu K\u00f6ln<\/td>\n<\/tr>\n<tr>\n<td width=\"156\">02\/2013<\/td>\n<td width=\"497\">Forschungsaufenthalt am Georg-Eckert-Institut f\u00fcr internationale Schulbuchforschung, Braunschweig<\/td>\n<\/tr>\n<tr>\n<td width=\"156\">02\/2011-01\/2013<\/td>\n<td width=\"497\">Studienreferendarin Gymnasium, F\u00e4cher Deutsch\/Englisch, Neuss, NRW (UPP am 21.9.2012)<\/td>\n<\/tr>\n<tr>\n<td width=\"156\">01\/2010-11\/2011<\/td>\n<td width=\"497\">assoziiertes Projektmitglied und wissenschaftliche Mitarbeiterin im Forschungsprojekt \u201eWirksamkeit problembasierten Lernen in Deutschland, Schweden und den Niederlanden\u201c (PBL), Hochschuldidaktisches Zentrum, TU Dortmund<\/td>\n<\/tr>\n<tr>\n<td width=\"156\">WS 07\/08-WS 10\/11<\/td>\n<td width=\"497\">Wissenschaftliche Mitarbeiterin im Institut f\u00fcr Anglistik\/Amerikanistik, TU Dortmund (April 2009-November 2010 im Forschungsprojekt\u00a0TEDS-LT)<\/td>\n<\/tr>\n<tr>\n<td width=\"156\">10\/2005-09\/2008<\/td>\n<td width=\"497\">Promotionskolleg \u201eWissensmanagement und Selbstorganisation im Kontext hochschulischer Lehr- und Lernprozesse\u201c an der TU Dortmund (gef\u00f6rdert von der Hans-B\u00f6ckler Stiftung)<\/td>\n<\/tr>\n<tr>\n<td width=\"156\">08\/2001-05\/2002<\/td>\n<td width=\"497\"><em>Teaching Assistant<\/em>\u00a0(Deutsch als Fremdsprache),\u00a0<em>University of Virginia<\/em>, Charlottesville (USA)<\/td>\n<\/tr>\n<\/tbody>\n<\/table>\n<p><strong>Auslandsaufenthalte<\/strong><\/p>\n<table width=\"633\">\n<tbody>\n<tr>\n<td width=\"157\">11-12\/2006<\/td>\n<td width=\"476\">Forschungsaufenthalt in den USA (<em>visiting scholar<\/em>)<\/td>\n<\/tr>\n<tr>\n<td width=\"157\">2001\/02<\/td>\n<td width=\"476\"><em>University of Virginia<\/em>, Charlottesville (USA)<\/td>\n<\/tr>\n<tr>\n<td width=\"157\">08\/1999<\/td>\n<td width=\"476\"><em>Langdon School<\/em>, London (GB)<\/td>\n<\/tr>\n<tr>\n<td width=\"157\">09\/1998<\/td>\n<td width=\"476\"><em>Tulane University<\/em>, New Orleans (LA)<\/td>\n<\/tr>\n<\/tbody>\n<\/table>\n<p><strong>Stipendien &amp; Auszeichungen<\/strong><\/p>\n<table width=\"625\">\n<tbody>\n<tr>\n<td width=\"156\">02\/2013<\/td>\n<td width=\"497\">Forschungsstipendium, Georg-Eckert-Institut f\u00fcr internationale Schulbuchforschung, Braunschweig<\/td>\n<\/tr>\n<tr>\n<td width=\"156\">10\/2005 \u2013 03\/2009<\/td>\n<td width=\"497\">Promotionsstipendium der Hans-B\u00f6ckler-Stiftung<\/td>\n<\/tr>\n<tr>\n<td width=\"156\">08\/2001 \u2013 05\/2002<\/td>\n<td width=\"497\">Graduiertenstipendium f\u00fcr ein akademisches Jahr,\u00a0<em>University of Virginia<\/em>, USA<\/td>\n<\/tr>\n<\/tbody>\n<\/table>\n","protected":false},"excerpt":{"rendered":"<p>Wissenschaftlicher Werdegang 02\/2011-01\/2013 2. Staatsexamen Sekundarstufe II\/I (Deutsch, Englisch) 08\/2011 Promotion an der Universit\u00e4t Bielefeld, Fakult\u00e4t f\u00fcr Erziehungswissenschaft (interdisziplin\u00e4re Arbeit; mit Auszeichnung) Titel der Dissertation: Fachspezifische Reflexion als Teil der Professionalisierung angehender Fremdsprachenlehrerinnen und -lehrer. Eine empirische Studie zu hochschuldidaktischen Ausbildungskonzepten an einer deutschen und einer US-amerikanischen Universit\u00e4t\u00a0(Publikation bei\u00a0Waxmann, 2012) 06\/2004 1. Staatsexamen Sekundarstufe II\/I [&hellip;]<\/p>\n","protected":false},"author":1,"featured_media":0,"parent":0,"menu_order":5,"comment_status":"closed","ping_status":"closed","template":"page-templates\/full-width.php","meta":{"footnotes":""},"class_list":["post-16","page","type-page","status-publish","hentry"],"_links":{"self":[{"href":"https:\/\/www.bianca-roters.de\/index.php?rest_route=\/wp\/v2\/pages\/16","targetHints":{"allow":["GET"]}}],"collection":[{"href":"https:\/\/www.bianca-roters.de\/index.php?rest_route=\/wp\/v2\/pages"}],"about":[{"href":"https:\/\/www.bianca-roters.de\/index.php?rest_route=\/wp\/v2\/types\/page"}],"author":[{"embeddable":true,"href":"https:\/\/www.bianca-roters.de\/index.php?rest_route=\/wp\/v2\/users\/1"}],"replies":[{"embeddable":true,"href":"https:\/\/www.bianca-roters.de\/index.php?rest_route=%2Fwp%2Fv2%2Fcomments&post=16"}],"version-history":[{"count":32,"href":"https:\/\/www.bianca-roters.de\/index.php?rest_route=\/wp\/v2\/pages\/16\/revisions"}],"predecessor-version":[{"id":1674,"href":"https:\/\/www.bianca-roters.de\/index.php?rest_route=\/wp\/v2\/pages\/16\/revisions\/1674"}],"wp:attachment":[{"href":"https:\/\/www.bianca-roters.de\/index.php?rest_route=%2Fwp%2Fv2%2Fmedia&parent=16"}],"curies":[{"name":"wp","href":"https:\/\/api.w.org\/{rel}","templated":true}]}}