{"id":465,"date":"2017-01-22T13:54:57","date_gmt":"2017-01-22T13:54:57","guid":{"rendered":"http:\/\/www.bianca-roters.de\/?page_id=465"},"modified":"2025-07-31T05:07:49","modified_gmt":"2025-07-31T05:07:49","slug":"zeitschriften-und-buchbeitrage","status":"publish","type":"page","link":"https:\/\/www.bianca-roters.de\/?page_id=465","title":{"rendered":"Zeitschriften- und Buchbeitr\u00e4ge"},"content":{"rendered":"<table width=\"100%\">\n<tbody>\n<tr>\n<td width=\"99%\"><strong>Seit 2022<\/strong><\/td>\n<\/tr>\n<tr>\n<td width=\"99%\">Roters, Bianca &amp; Holberg, Stephanie (2024). Push (your) boundaries \u2013 Professionalisierung von Englischlehrkr\u00e4ften f\u00fcr eine zukunftsf\u00e4hige digitale Unterrichtsentwicklung. In D. Gerlach (Hrsg.), Wissen, K\u00f6nnen und Handeln von Fremdsprachenlehrpersonen. Professions- und Wissensforschung in den Fremdsprachendidaktiken (S. 173\u2013185). Lausanne: Lang.<\/td>\n<\/tr>\n<tr>\n<td width=\"99%\">Roters, Bianca (2023). Digitalisierung, Digitalit\u00e4t und didaktische Transformation im Fremdsprachenunterricht. Eine Kritisch-Reflexive Perspektive. PraxisForschungLehrer*innenBildung. Zeitschrift f\u00fcr Schul- und Professionsentwicklung, S. 235-241. <a class=\"docs-creator\" href=\"https:\/\/doi.org\/10.11576\/pflb-6276\">https:\/\/doi.org\/10.11576\/pflb-6276 <\/a><a class=\"docs-creator\"><img decoding=\"async\" class=\"citavipicker\" style=\"border: 0px none!important; width: 16px!important; height: 16px!important; margin-left: 1px !important; margin-right: 1px !important;\" title=\"Titel anhand dieser DOI in Citavi-Projekt \u00fcbernehmen\" src=\"data:image\/svg+xml;base64,PD94bWwgdmVyc2lvbj0iMS4wIiBlbmNvZGluZz0idXRmLTgiPz48IURPQ1RZUEUgc3ZnIFBVQkxJQyAiLS8vVzNDLy9EVEQgU1ZHIDEuMS8vRU4iICJodHRwOi8vd3d3LnczLm9yZy9HcmFwaGljcy9TVkcvMS4xL0RURC9zdmcxMS5kdGQiPjxzdmcgdmVyc2lvbj0iMS4xIiBpZD0iRWJlbmVfMSIgeG1sbnM9Imh0dHA6Ly93d3cudzMub3JnLzIwMDAvc3ZnIiB4bWxuczp4bGluaz0iaHR0cDovL3d3dy53My5vcmcvMTk5OS94bGluayIgeD0iMHB4IiB5PSIwcHgiIHdpZHRoPSIxNnB4IiBoZWlnaHQ9IjE2cHgiIHZpZXdCb3g9IjAgMCAxNiAxNiIgZW5hYmxlLWJhY2tncm91bmQ9Im5ldyAwIDAgMTYgMTYiIHhtbDpzcGFjZT0icHJlc2VydmUiPjxnPjxnPjxwYXRoIGZpbGw9IiNGRkZGRkYiIGQ9Ik04LjAwMSwxNS41QzMuODY0LDE1LjUsMC41LDEyLjEzNiwwLjUsOGMwLTQuMTM1LDMuMzY1LTcuNSw3LjUwMS03LjVTMTUuNSwzLjg2NCwxNS41LDhTMTIuMTM3LDE1LjUsOC4wMDEsMTUuNXoiLz48cGF0aCBmaWxsPSIjRDUyQjFFIiBkPSJNOC4wMDEsMUMxMS44NiwxLDE1LDQuMTQxLDE1LDhzLTMuMTM5LDctNi45OTksN0M0LjE0LDE1LDEsMTEuODU5LDEsOFM0LjE0LDEsOC4wMDEsMSBNOC4wMDEsMEMzLjU4MiwwLDAsMy41ODIsMCw4czMuNTgyLDgsOC4wMDEsOEMxMi40MTgsMTYsMTYsMTIuNDE4LDE2LDhTMTIuNDE4LDAsOC4wMDEsMEw4LjAwMSwweiIvPjwvZz48cGF0aCBmaWxsPSIjRDUyQjFFIiBkPSJNNi43NDUsMTIuNTg5Yy0wLjIyNywwLjEyMi0wLjQ5NywwLjI0Ny0wLjY4NCwwLjI0N2MtMC4zMTgsMC0wLjUwMS0wLjE2NC0wLjUwMS0wLjQ1MmMwLTAuMjA3LDAuMTQtMC4zNzUsMC41OTUtMC42MjJjMS41NDktMC45MDQsMi41OTQtMi4yNzIsMi41OTQtMy43MjFjMC0wLjgyNS0wLjIyNy0xLjExOS0wLjY4MS0xLjExOWMtMC4xMzUsMC0wLjMyLDAuMjE5LTAuNjM2LDAuMjE5SDcuMTU3QzYuMTAyLDcuMTQzLDUuMzMzLDYuMjY0LDUuMzMzLDUuMjNjMC0xLjE1MiwwLjk1OC0yLjAwNiwyLjI4LTIuMDA2YzEuNzc3LDAsMy4wNTMsMS4zNzMsMy4wNTMsMy40M0MxMC42NjYsOS4yMTUsOS4yMDMsMTEuMjcsNi43NDUsMTIuNTg5Ii8+PC9nPjwvc3ZnPg\" \/><\/a><\/td>\n<\/tr>\n<tr>\n<td width=\"99%\">Roters, Bianca (2022). Fr\u00fcher Fremdsprachenunterricht auf Distanz \u2013 neue professionstheoretische Fragen und unterrichtliche Herausforderungen bei der Gestaltung von Lernaufgaben. In: Brandt, B., Br\u00f6ll, L. Dausend, H. (Hrsg.): Digitales Lernen in der Grundschule III. Fachdidaktiken in der Diskussion<em>.<\/em> M\u00fcnster: Waxmann, S. 309-322. <a class=\"docs-creator\" href=\"https:\/\/www.waxmann.com\/waxmann-buecher\/?tx_p2waxmann_pi2%5bbuchnr%5d=4591&amp;tx_p2waxmann_pi2%5baction%5d=show\">Online verf\u00fcgbar.<\/a><\/td>\n<\/tr>\n<tr>\n<td width=\"99%\">Roters, Bianca (2022). Digitale Unterrichtsentwicklung in virtuellen Lernorten im fr\u00fchen Fremdsprachenunterricht. In: Feick, Diana &amp; Rymarczyk, Jutta (Hrsg.): Zur Digitalisierung von Lernorten \u2013 Fremdsprachenlernen im virtuellen Raum. Frankfurt: Peter Lang, S. 269-291.<\/td>\n<\/tr>\n<tr>\n<td width=\"99%\"><strong>2021<\/strong><\/td>\n<\/tr>\n<tr>\n<td width=\"99%\">Roters, Bianca (2021). Neue Professionalit\u00e4tsfacetten im fr\u00fchen Englischunterricht auf Distanz. In: Gr\u00fcnewald, A. Noack-Ziegler, S., Tassinari, M.-G. &amp; Wieland, K. (Hrsg.): <em>Fremdsprachendidaktik als Wissenschaft und Ausbildungsdisziplin.<\/em> T\u00fcbingen: Narr Francke Attempto Verlag, S. 177-191.<\/td>\n<\/tr>\n<tr>\n<td width=\"99%\">Blume, C., Gerlach, D., Roters, B. &amp; Schmidt, T. (2021). Mindsets and reflection in teacher education for inclusive language classrooms. <em>Zeitschrift f\u00fcr Fremdsprachenforschung<\/em>, S. 33-54.<\/td>\n<\/tr>\n<tr>\n<td width=\"99%\"><strong>2020<\/strong><\/td>\n<\/tr>\n<tr>\n<td width=\"99%\">Roters, B. (2020). Professionalisierung durch Forschendes Lernen im Englischstudium. In: Impulse zum Fremdsprachenunterricht. I\u00dfler, R. &amp; K\u00fcchler, U. (Hrsg.):\u00a0<em>Impulse zur Fremdsprachendidaktik \u2013 Issues in Foreign Language Education<\/em>\u00a0(Wissenschaft und Lehrerbildung, Bd. 3), S. 337-348.<\/td>\n<\/tr>\n<tr>\n<td width=\"99%\">Gerlach, D., Roters, B. &amp; Steininger, I. (2020):\u00a0Zur Spezifik fremdsprachendidaktischer Professionsforschung: Unterrichtsplanung als Kategorie f\u00fcr Professionalisierungsprozesse.\u00a0<em>Fremdsprachen Lehren und Lernen<\/em>, 49 (1), S. 113-130.<\/td>\n<\/tr>\n<tr>\n<td width=\"99%\">Gerlach, D. &amp; Roters, B. (2020): Wege der Differenzierung, Individualisierung und Inklusion. In: Hallet, W., K\u00f6nigs, F.G. &amp; H. Martinez (Hrsg.),\u00a0<em>Handbuch Methoden im Fremdsprachenunterricht<\/em>. Seelze-Velber: Klett Kallmeyer, S. 384-387.<\/td>\n<\/tr>\n<tr>\n<td width=\"99%\"><strong>2019<\/strong><\/td>\n<\/tr>\n<tr>\n<td width=\"99%\">Benitt, N., Blume, C., E\u00dfer, S., Gerlach, D., Roters, B., Schmidt, T., &amp; Springob, J. (2019): Vorwort zur Tagungsdokumentation. In: Benitt, N., Blume, C., E\u00dfer, S., Gerlach, D., Roters, B., Schmidt, T., &amp; Springob, J. (Hrsg.): Perspektiven inklusiven Englischunterrichts: Gemeinsam lehren und lernen: Dokumentation zur Tagung vom 20. und 21. September 2018 an der Leuphana Universit\u00e4t L\u00fcneburg.\u00a0<a class=\"docs-creator\" href=\"http:\/\/www.inklusiver-englischunterricht.de\">Online verf\u00fcgbar<\/a>.<\/td>\n<\/tr>\n<tr>\n<td width=\"99%\">Blume, C., Gerlach, D., Roters, B. &amp; Schmidt, T. (2019):\u00a0Didaktische und methodische Ans\u00e4tze zur Entwicklung der\u00a0fachdidaktischen Inklusionskompetenz von\u00a0angehenden Fremdsprachenlehrkr\u00e4ften.\u00a0<em>HLZ<\/em>.\u00a0<a class=\"docs-creator\" href=\"https:\/\/www.herausforderung-lehrerinnenbildung.de\/index.php\/hlz\/article\/view\/2475\">Online verf\u00fcgbar.<\/a><\/td>\n<\/tr>\n<tr>\n<td width=\"99%\">Blume, C., Gerlach, D., Roters, B. &amp; Schmidt, T. (2019): The ABCs of Inclusive English Teacher Education: A Quantitative and Qualitative Study Examining the Attitudes, Beliefs and (Reflective) Competence of Pre-Service Foreign Language Teachers. TESL-EJ.<a class=\"docs-creator\" href=\"http:\/\/tesl-ej.org\/pdf\/ej88\/a6.pdf\">\u00a0Online verf\u00fcgbar.<\/a><\/td>\n<\/tr>\n<tr>\n<td width=\"99%\"><strong>2018<\/strong><\/td>\n<\/tr>\n<tr>\n<td width=\"99%\">Roters, B., Gerlach, D. &amp; E\u00dfer, S. (2018): Unterrichtsentwicklung im inklusiven Englischunterricht. In: Roters, B., Gerlach, D. &amp; S. E\u00dfer (Hrsg.),\u00a0<em>Inklusiver Englischunterricht.\u00a0<\/em>Beitr\u00e4ge zur Schulentwicklung. M\u00fcnster: Waxmann. S. 9-24-<\/td>\n<\/tr>\n<tr>\n<td width=\"99%\">Roters, B. (2018). Auf dem Weg zur Fremdsprachenlehrkraft \u2013 Profession, Professionalit\u00e4t, Professionalisierung.\u00a0<em>Universit\u00e4re Englischlehrerbildung: Wege zu mehr Koh\u00e4renz im Studium und Korrespondenz mit der Praxis.\u00a0<\/em>Bern: Peter Lang, S. 143-163.<\/td>\n<\/tr>\n<tr>\n<td width=\"99%\">Scholkmann, A., Loyens, S. M. M., Koch, F., Roters, B., Ricken, J., &amp; Dahlgren, L.-O.. To understand or not to understand? Evidence and challenges in assessing the potential of Problem-Based Learning (PBL). In: Schaper, N. &amp; Szczyrba, B. (Hrsg.),\u00a0<em>Forschungsformate zur evidenzbasierten Fundierung hochschuldidaktischen Handelns<\/em>\u00a0(Bd. 1). K\u00f6ln: Cologne Open Science. S. 157-173.<\/td>\n<\/tr>\n<tr>\n<td width=\"99%\"><strong>2017<\/strong><\/td>\n<\/tr>\n<tr>\n<td width=\"99%\">Roters, B. (2017). (Primary) EFL teachers\u2019 professional knowledge \u2013 Theoretical assumptions and empirical findings. In: Wilden, E. &amp; Porsch, R. (Eds.).\u00a0<em>The Professional Development of in-service and pre-service primary EFL teachers.\u00a0<\/em><em>National and International Research<\/em>. M\u00fcnster: Waxmann. S. 167-180.<\/td>\n<\/tr>\n<tr>\n<td width=\"99%\">Lemmata (Anfangsunterricht, Community Language Learning, Computer-assisted Language Learning, Grammatik\u00fcbersetzungsmethode, Natural Approach, Prinzip der Einsprachigkeit, Silent Way, Total Physical Response, Visualisierung, audiolinguale Methode, audiovisuelle Methode, aufgabenorientiertes Fremdsprachenlernen, direkte Methode, functional syllabus, kommunikativer Sprachunterricht, situational syllabus)In: Kilian, J. &amp; J. Rymarczyk (Hrsg.).\u00a0<em>W\u00f6rterb\u00fccher zur Sprach- und Kommunikationswissenschaft<\/em>\u00a0(WSK), Bd. 16 Sprachdidaktik. Erstsprache, Zweitsprache, Fremdsprache. Berlin, New York: Mouton de Gruyter.<\/td>\n<\/tr>\n<tr>\n<td width=\"99%\"><strong>2016<\/strong><\/td>\n<\/tr>\n<tr>\n<td width=\"99%\">Roters, B. &amp; E\u00dfer, S. (2016). Entwicklung von Lehrerprofessionalit\u00e4t unter inklusiver Perspektive \u2013 Impulse f\u00fcr eine reflexive Praxis. In: D. Gebele &amp; A. Zepter (Hrsg.).\u00a0<em>Inklusion: Sprachdidaktische Perspektiven. Theorie \u2013 Empirie \u2013 Praxis. K\u00f6lner Beitr\u00e4ge zur Sprachdidaktik<\/em>\u00a0(K\u00f6BeS). S. 357-383.<\/td>\n<\/tr>\n<tr>\n<td width=\"99%\">Roters, B. (2016). Reflexionskompetenz als Merkmal der Professionalit\u00e4t von Lehrkr\u00e4ften. In:\u00a0<em>Zeitschrift Seminar<\/em>. Heft 1\/2016. Bundesarbeitskreis der Seminar- und Fachleiter (Hrsg.). S. 46-57.<\/td>\n<\/tr>\n<tr>\n<td width=\"99%\"><strong>2015<\/strong><\/td>\n<\/tr>\n<tr>\n<td width=\"99%\">Roters, B. (2015). Pre-Service Teachers\u2019 Professional Growth as Leaders \u2013 Empowerment through Research-oriented Reflective Practice and\u00a0<em>Didactic<\/em>\u00a0Expertise. In: Craig, Cheryl J. &amp; Orland-Barak, L. (Eds.)\u00a0<em>International Teacher Education: Promising Pedagogies<\/em>. Bingley: Emerald. pp.31 &#8211; 49.<\/td>\n<\/tr>\n<tr>\n<td width=\"99%\">Roters, B. Fachspezifische Kompetenzmessung. Welches professionelle Wissen haben angehende Englischlehrkr\u00e4fte? In: Bresges, A., Dilger, B., Hennemann, T., K\u00f6nig, J., Lindner, H., &amp; Rohde, A. (Hrsg.). (2015).\u00a0<em>Kompetenzen perspektivisch: Interdisziplin\u00e4re Impulse f\u00fcr die LehrerInnenbildung<\/em>. M\u00fcnster: Waxmann. 86-93.<\/td>\n<\/tr>\n<tr>\n<td width=\"99%\">K\u00f6nig, J., Eicken, A., Kramer, C. &amp; Roters, B. (2015). Videos in der Lehrerinnen- und Lehrerausbildung (ViLLA): Konzeptionelle \u00dcberlegungen und erste empirische Befunde zu fachsprachlichen Anforderungen beim Lernen mit Unterrichtsvideos durch Lehramtsstudierende. In:\u00a0<em>Lehrerbildung auf dem Pr\u00fcfstand,<\/em>\u00a0<em>8<\/em>\u00a0(1).<\/td>\n<\/tr>\n<tr>\n<td width=\"99%\">Roters, B., K\u00f6nig, J., Tachtsoglou, S. &amp; Nold, G. (2015). Fachdidaktisches Wissen von angehenden Englischlehrkr\u00e4ften. In: U. Riegel, S. Schubert, G. Siebert-Ott &amp; K. Macha (Hrsg.),\u00a0<em>Kompetenzmodellierung und Kompetenzmessung in den Fachdidaktiken.<\/em>\u00a0M\u00fcnster: Waxmann. S. 61-78.<\/td>\n<\/tr>\n<tr>\n<td width=\"99%\"><strong>2014<\/strong><\/td>\n<\/tr>\n<tr>\n<td width=\"99%\">Roters, B. &amp; Trautmann, M. (2014). Professionalit\u00e4t von (Fremdsprachen-)Lehrkr\u00e4ften \u2013 Theoretische Zug\u00e4nge und empirische Befunde.\u00a0<em>Fremdsprachen Lehren und Lernen<\/em>, 43 (1), 51-65. (<a class=\"docs-creator\" href=\"http:\/\/www.periodicals.narr.de\/index.php\/flul\/issue\/view\/178\">pdf download<\/a>)<\/td>\n<\/tr>\n<tr>\n<td width=\"99%\">K\u00fcchler U. &amp; Roters, B. (2014). Embracing Everyone: Inklusiver Fremdsprachenunterricht. In: B. Amrhein &amp; M. Dziak-Mahler (Hrsg.),\u00a0<em>Fachdidaktik inklusiv \u2013 Auf der Suche nach didaktischen Leitlinien f\u00fcr den Umgang mit Vielfalt in der Schule<\/em>. M\u00fcnster: Waxmann. S. 233-248.<\/td>\n<\/tr>\n<tr>\n<td width=\"99%\"><strong>2013<\/strong><\/td>\n<\/tr>\n<tr>\n<td width=\"99%\">Roters, B., K\u00f6nig, J., Tachtsoglou, S. &amp; Nold, G. (2013). Fachdidaktisches Wissen angehender Englischlehrkr\u00e4fte &#8211; Theoretischer Rahmen und empirische Ergebnisse zur Struktur eines Testinstruments.<em>\u00a0Lehrerbildung auf dem Pr\u00fcfstand<\/em>,\u00a0<em>6\u00a0<\/em>(2), 155-177.<\/td>\n<\/tr>\n<tr>\n<td width=\"99%\">Scholkmann, A., Eder, F., Roters, B., &amp; Ricken, J. (2013). Kompetenzf\u00f6rderliche Lehreinstellungen beschreiben. Die Dortmunder Befragung f\u00fcr Lehrende (DoBeLe).\u00a0<em>Zeitschrift f\u00fcr Hochschulentwicklung<\/em>,\u00a0<em>8<\/em>(2), 30-44.<\/td>\n<\/tr>\n<tr>\n<td width=\"99%\"><strong>2010-2012<\/strong><\/td>\n<\/tr>\n<tr>\n<td width=\"99%\">Haudeck, H., J.-U. Ke\u00dfler, G. Nold &amp; B. Roters (2012): Was wissen zuk\u00fcnftige Englischlehrkr\u00e4fte \u00fcber ihr Fach? Ausgew\u00e4hlte Ergebnisse aus TEDS-LT. In:\u00a0<em>Journal f\u00fcr Lehrerinnen- und Lehrerbildung<\/em>; S. 19-25.<\/td>\n<\/tr>\n<tr>\n<td width=\"99%\">Roters, B. Nold, G., Haudeck, H., Ke\u00dfler, J. &amp; Stancel-Pi\u0105tak, A. (2011). Professionelles Wissen von Studierenden des Lehramts Englisch. In: S. Bl\u00f6meke, A. Bremerich-Vos, H. Haudeck, G. Kaiser, R. Lehmann, G. Nold, K. Schwippert &amp; H. Willenberg (Hrsg.). Kompetenzen von Lehramtsstudierenden in gering strukturierten Dom\u00e4nen. Erste Ergebnisse aus TEDS-LT. M\u00fcnster: Waxmann. S. 77-99.<\/td>\n<\/tr>\n<tr>\n<td width=\"99%\">Nold, G. &amp; Roters, B. (2010). Wege zur Professionalisierung zuk\u00fcnftiger Englischlehrerinnen und \u2013lehrer. In: Die Neueren Sprachen Jb. 1. S. 41-53.<\/td>\n<\/tr>\n<tr>\n<td width=\"99%\">Roters, B. (2010). Studentische Forschungsprojekte \u2013 interdisziplin\u00e4re Erfahrungen und Herausforderungen an Studierende und Lehrende. In: K\u00f6ker, Anne &amp; Romahn, Sonja &amp; Textor, Annette (Hrsg.).\u00a0<a class=\"docs-creator\" href=\"http:\/\/www.klinkhardt.de\/verlagsprogramm\/1760.html\">Herausforderung Heterogenit\u00e4t<\/a>. Ans\u00e4tze und Weichenstellungen. Bad Heilbrunn: Klinkhardt. S. 82-89.<\/td>\n<\/tr>\n<tr>\n<td width=\"99%\">Papenberg, S. &amp; Roters, B. (2010). Bridging the gap \u2013 Kooperation von Fachdidaktik und Erziehungswissenschaften an der Universit\u00e4t Dortmund. In: Sandten, Cecile &amp; Eberhardt, Ulrike (Hrsg.). Neue Impulse der Hochschuldidaktik. Wiesbaden: VS Verlag f\u00fcr Sozialwissenschaften. S.183-196.<\/td>\n<\/tr>\n<tr>\n<td width=\"99%\"><strong>2004-2009<\/strong><\/td>\n<\/tr>\n<tr>\n<td width=\"99%\">Arens, B. &amp; D. Blotzheim &amp; B. Koch-Priewe &amp; B. Roters &amp; R. Schneider &amp; J. Wildt (2009). Forschendes Lernen im Theorie-Praxis-Modul an der TU Dortmund. In: B. Roters, R. Schneider, B. Koch-Priewe, J. Thiele, J. Wildt (Hrsg.). Forschendes Lernen in Praxisstudien \u2013 Hochschuldidaktik. Professionalisierung. Kompetenzentwicklung. Bad Heilbrunn: Klinkhardt. S.107-125.<\/td>\n<\/tr>\n<tr>\n<td width=\"99%\">Kieserling, D., Romahn, S., Roters, B. (2009). Practice what you preach. In: Journal f\u00fcr Hochschuldidaktik, 20 (2), S. 17-20.<\/td>\n<\/tr>\n<tr>\n<td width=\"99%\">Ricken, J., Roters, B., Scholkmann, A. (2009). Projekt PBL: Wirksamkeit problembasierten Lernens als hochschuldidaktische Methode. In: Journal f\u00fcr Hochschuldidaktik, 20 (1), S. 7-10.<\/td>\n<\/tr>\n<tr>\n<td width=\"99%\">H\u00f6cker, M., Ricken, J., Roters, B., Scholkmann, A. (2008). Einleitung: Kommunikationsr\u00e4ume schaffen &#8211; Universit\u00e4t gestalten. In: Scholkmann, A., Roters, B., Ricken, J., H\u00f6cker, M. (Hrsg.). Hochschulforschung und Hochschulmanagement im Dialog. Zur Praxisrelevanz empirischer Forschung \u00fcber die Hochschule. M\u00fcnster: Waxmann. S. 9-21.<\/td>\n<\/tr>\n<tr>\n<td width=\"99%\">Roters, B. (2008). Neue Lehrer braucht das Land? Lehrerausbildung in den USA zwischen professionsbasierter und marktwirtschaftlicher Steuerung. In: Kraler, Chr.\/Schratz, M. (Hrsg.).\u00a0<a class=\"docs-creator\" href=\"http:\/\/www.waxmann.com\/kat\/1916.html\">Wissen erwerben, Kompetenzen entwickeln<\/a>. Modelle zur kompetenzorientierten Lehrerbildung. M\u00fcnster: Waxmann. S. 181\u2013194.<\/td>\n<\/tr>\n<tr>\n<td width=\"99%\">Rottl\u00e4nder, D., Roters, B. (2008). Verbindungen in Unsicherheit? Pragmatistische Anmerkungen zur Lehrerbildungsdiskussion. In: bildungsforschung, Jahrgang 5, Ausgabe 2.<\/td>\n<\/tr>\n<tr>\n<td width=\"99%\">Roters, B. (2004). Der gute fremde Blick. In: W. Gr\u00fcnzweig (Hrsg.). The United States in Global Contexts. American Studies after 9\/11 and Iraq. The United States in global contexts. American Studies after 911 and Iraq. M\u00fcnster: Lit-Verlag. S. 127.<\/td>\n<\/tr>\n<\/tbody>\n<\/table>\n","protected":false},"excerpt":{"rendered":"<p>Seit 2022 Roters, Bianca &amp; Holberg, Stephanie (2024). Push (your) boundaries \u2013 Professionalisierung von Englischlehrkr\u00e4ften f\u00fcr eine zukunftsf\u00e4hige digitale Unterrichtsentwicklung. In D. Gerlach (Hrsg.), Wissen, K\u00f6nnen und Handeln von Fremdsprachenlehrpersonen. Professions- und Wissensforschung in den Fremdsprachendidaktiken (S. 173\u2013185). Lausanne: Lang. Roters, Bianca (2023). Digitalisierung, Digitalit\u00e4t und didaktische Transformation im Fremdsprachenunterricht. Eine Kritisch-Reflexive Perspektive. PraxisForschungLehrer*innenBildung. Zeitschrift [&hellip;]<\/p>\n","protected":false},"author":1,"featured_media":0,"parent":377,"menu_order":3,"comment_status":"closed","ping_status":"closed","template":"page-templates\/front-page.php","meta":{"footnotes":""},"class_list":["post-465","page","type-page","status-publish","hentry"],"_links":{"self":[{"href":"https:\/\/www.bianca-roters.de\/index.php?rest_route=\/wp\/v2\/pages\/465","targetHints":{"allow":["GET"]}}],"collection":[{"href":"https:\/\/www.bianca-roters.de\/index.php?rest_route=\/wp\/v2\/pages"}],"about":[{"href":"https:\/\/www.bianca-roters.de\/index.php?rest_route=\/wp\/v2\/types\/page"}],"author":[{"embeddable":true,"href":"https:\/\/www.bianca-roters.de\/index.php?rest_route=\/wp\/v2\/users\/1"}],"replies":[{"embeddable":true,"href":"https:\/\/www.bianca-roters.de\/index.php?rest_route=%2Fwp%2Fv2%2Fcomments&post=465"}],"version-history":[{"count":29,"href":"https:\/\/www.bianca-roters.de\/index.php?rest_route=\/wp\/v2\/pages\/465\/revisions"}],"predecessor-version":[{"id":1608,"href":"https:\/\/www.bianca-roters.de\/index.php?rest_route=\/wp\/v2\/pages\/465\/revisions\/1608"}],"up":[{"embeddable":true,"href":"https:\/\/www.bianca-roters.de\/index.php?rest_route=\/wp\/v2\/pages\/377"}],"wp:attachment":[{"href":"https:\/\/www.bianca-roters.de\/index.php?rest_route=%2Fwp%2Fv2%2Fmedia&parent=465"}],"curies":[{"name":"wp","href":"https:\/\/api.w.org\/{rel}","templated":true}]}}