{"id":467,"date":"2017-01-22T13:55:43","date_gmt":"2017-01-22T13:55:43","guid":{"rendered":"http:\/\/www.bianca-roters.de\/?page_id=467"},"modified":"2024-10-02T11:09:35","modified_gmt":"2024-10-02T11:09:35","slug":"diverses","status":"publish","type":"page","link":"https:\/\/www.bianca-roters.de\/?page_id=467","title":{"rendered":"Diverses"},"content":{"rendered":"<table width=\"100%\">\n<tbody>\n<tr>\n<td width=\"100%\">Roters, B. &amp; Walpuski, S. (2022) Spracherwerb digital unterst\u00fctzen. \u201eMacht der Worte\u201c. Ein Blended-Learning Kurs im Fach Latein f\u00fcr die Sekundarstufe I. \u00a0<a class=\"docs-creator\" href=\"https:\/\/www.schulministerium.nrw\/spracherwerb-digital-unterstuetzen\">Online verf\u00fcgbar<\/a>.<\/td>\n<\/tr>\n<tr>\n<td width=\"100%\">Eicken, A., Kramer, C., Roters, B., K\u00f6nig, J. (2014). ViLLA: Videos in der Lehrerinnen- und Lehrerausbildung &#8211; Lernen mit Unterrichtsvideos. Poster auf der Er\u00f6ffnungsfeier des Interdisziplin\u00e4ren Zentrums f\u00fcr empirische LehrerInnen- und Unterrichtsforschung (IZeF). K\u00f6ln 17.01.2014.<\/td>\n<\/tr>\n<tr>\n<td width=\"100%\">Roters, Bianca &amp; Timpe, Veronika. Rezension zu: Laurenz Volkmann (Ed.) Education and the USA. American Studies Vol. 207. Heidelberg: Winter, 2011. In: Anglistik. International Journal of English Studies, Volume 24 (2013), S. 229-231.<\/td>\n<\/tr>\n<tr>\n<td width=\"100%\">Roters, Bianca. Der Vergangenheit auf der Spur\u2026.Kulturelle Erinnerung in literarischen Texten. Georg-Eckert-Institut f\u00fcr Internationale Schulbuchforschung (2013).<\/td>\n<\/tr>\n<tr>\n<td width=\"100%\">Arens, B. \/ Koch-Priewe B.\/ Kovermann B.\/ Roters B. \/ Schneider R.\/ Sommerfeld D. (2005). Hochschuldidaktische Konzeptionen zum Forschenden Lernen: das Dortmunder Modell: Reader zum Theorie-Praxis-Modul. Band 1. Universit\u00e4t Dortmund.<\/td>\n<\/tr>\n<tr>\n<td width=\"100%\">Roters, B. (2003). Bibliographie Peter Henisch. In: W. Gr\u00fcnzweig, &amp; G. Fuchs (Hrsg.). Peter Henisch. Graz: Literaturverlag Droschl. S. 243\u2013313.<\/td>\n<\/tr>\n<\/tbody>\n<\/table>\n","protected":false},"excerpt":{"rendered":"<p>Roters, B. &amp; Walpuski, S. (2022) Spracherwerb digital unterst\u00fctzen. \u201eMacht der Worte\u201c. Ein Blended-Learning Kurs im Fach Latein f\u00fcr die Sekundarstufe I. \u00a0Online verf\u00fcgbar. Eicken, A., Kramer, C., Roters, B., K\u00f6nig, J. (2014). ViLLA: Videos in der Lehrerinnen- und Lehrerausbildung &#8211; Lernen mit Unterrichtsvideos. Poster auf der Er\u00f6ffnungsfeier des Interdisziplin\u00e4ren Zentrums f\u00fcr empirische LehrerInnen- und [&hellip;]<\/p>\n","protected":false},"author":1,"featured_media":0,"parent":377,"menu_order":4,"comment_status":"closed","ping_status":"closed","template":"page-templates\/front-page.php","meta":{"footnotes":""},"class_list":["post-467","page","type-page","status-publish","hentry"],"_links":{"self":[{"href":"https:\/\/www.bianca-roters.de\/index.php?rest_route=\/wp\/v2\/pages\/467","targetHints":{"allow":["GET"]}}],"collection":[{"href":"https:\/\/www.bianca-roters.de\/index.php?rest_route=\/wp\/v2\/pages"}],"about":[{"href":"https:\/\/www.bianca-roters.de\/index.php?rest_route=\/wp\/v2\/types\/page"}],"author":[{"embeddable":true,"href":"https:\/\/www.bianca-roters.de\/index.php?rest_route=\/wp\/v2\/users\/1"}],"replies":[{"embeddable":true,"href":"https:\/\/www.bianca-roters.de\/index.php?rest_route=%2Fwp%2Fv2%2Fcomments&post=467"}],"version-history":[{"count":4,"href":"https:\/\/www.bianca-roters.de\/index.php?rest_route=\/wp\/v2\/pages\/467\/revisions"}],"predecessor-version":[{"id":1188,"href":"https:\/\/www.bianca-roters.de\/index.php?rest_route=\/wp\/v2\/pages\/467\/revisions\/1188"}],"up":[{"embeddable":true,"href":"https:\/\/www.bianca-roters.de\/index.php?rest_route=\/wp\/v2\/pages\/377"}],"wp:attachment":[{"href":"https:\/\/www.bianca-roters.de\/index.php?rest_route=%2Fwp%2Fv2%2Fmedia&parent=467"}],"curies":[{"name":"wp","href":"https:\/\/api.w.org\/{rel}","templated":true}]}}