{"id":471,"date":"2017-01-22T14:28:08","date_gmt":"2017-01-22T14:28:08","guid":{"rendered":"http:\/\/www.bianca-roters.de\/?page_id=471"},"modified":"2022-08-26T06:42:23","modified_gmt":"2022-08-26T06:42:23","slug":"tagungsorganisation","status":"publish","type":"page","link":"https:\/\/www.bianca-roters.de\/?page_id=471","title":{"rendered":"Tagungsorganisation"},"content":{"rendered":"\n<p><\/p>\n\n\n\n<div class=\"wp-block-pb-accordion-item c-accordion__item js-accordion-item no-js\" data-initially-open=\"false\" data-click-to-close=\"true\" data-auto-close=\"true\" data-scroll=\"false\" data-scroll-offset=\"0\"><h2 id=\"at-4713\" class=\"c-accordion__title js-accordion-controller\" role=\"button\"><strong>&#8220;Inklusiver Englischunterricht &#8211; Gemeinsam Lernen und Lehren&#8221; (IEGLL)<\/strong>, Leuphana Universit\u00e4t, 20.-21.9.2018<\/h2><div id=\"ac-4713\" class=\"c-accordion__content\">\n<p>wissenschaftliche Tagung und Lehrkr\u00e4ftefortbildung<\/p>\n\n\n\n<p><a href=\"https:\/\/inklusiver-englischunterricht.de\/tagung-2018\/\" target=\"_blank\" rel=\"noreferrer noopener\">Tagungsdokumentation<\/a><\/p>\n\n\n\n<p>Gastgeber: <\/p>\n\n\n\n<p>Prof. Dr. Torben Schmidt, Dr. Nora Benitt, und Dr. Carolyn Blume (Leuphana Universit\u00e4t L\u00fcneburg)<br>Dr. David Gerlach (Philipps-Universit\u00e4t Marburg, Gr\u00fcnder <em>Netzwerk Inklusiver Englischunterricht<\/em>)<br>Dr. Bianca Roters und Susanne E\u00dfer (QUA-LiS NRW, Gr\u00fcnderinnen <em>Netzwerk Inklusiver Englischunterricht<\/em>)<br>Dr. Jan Springob (ZfL der Universit\u00e4t zu K\u00f6ln, Co-Organisator <em>Netzwerk Inklusiver Englischunterricht<\/em>)<\/p>\n<\/div><\/div>\n\n\n\n<div class=\"wp-block-pb-accordion-item c-accordion__item js-accordion-item no-js\" data-initially-open=\"false\" data-click-to-close=\"true\" data-auto-close=\"true\" data-scroll=\"false\" data-scroll-offset=\"0\"><h2 id=\"at-4714\" class=\"c-accordion__title js-accordion-controller\" role=\"button\"><strong>Arbeitstagungen Netzwerk Inklusiver Englischunterricht<\/strong><\/h2><div id=\"ac-4714\" class=\"c-accordion__content\">\n<p>Universit\u00e4t Marburg &amp; Universit\u00e4t zu K\u00f6ln,<br>zusammen mit Gr\u00fcndungsmitglieders des Netzwerks Inklusiver Englischunterricht<br>(<a href=\"https:\/\/inklusiver-englischunterricht.de\/tag\/arbeitstreffen\/\">Themen Arbeitstreffen<\/a>)<\/p>\n<\/div><\/div>\n\n\n\n<div class=\"wp-block-pb-accordion-item c-accordion__item js-accordion-item no-js\" data-initially-open=\"false\" data-click-to-close=\"true\" data-auto-close=\"true\" data-scroll=\"false\" data-scroll-offset=\"0\"><h2 id=\"at-4715\" class=\"c-accordion__title js-accordion-controller\" role=\"button\">QUA-LiS Tagung der Landesinstitute<\/h2><div id=\"ac-4715\" class=\"c-accordion__content\">\n<p>Vortrag Inklusion, 19.1. 2016<\/p>\n<\/div><\/div>\n\n\n\n<p><\/p>\n","protected":false},"excerpt":{"rendered":"","protected":false},"author":1,"featured_media":0,"parent":382,"menu_order":3,"comment_status":"closed","ping_status":"closed","template":"","meta":{"footnotes":""},"class_list":["post-471","page","type-page","status-publish","hentry"],"_links":{"self":[{"href":"https:\/\/www.bianca-roters.de\/index.php?rest_route=\/wp\/v2\/pages\/471","targetHints":{"allow":["GET"]}}],"collection":[{"href":"https:\/\/www.bianca-roters.de\/index.php?rest_route=\/wp\/v2\/pages"}],"about":[{"href":"https:\/\/www.bianca-roters.de\/index.php?rest_route=\/wp\/v2\/types\/page"}],"author":[{"embeddable":true,"href":"https:\/\/www.bianca-roters.de\/index.php?rest_route=\/wp\/v2\/users\/1"}],"replies":[{"embeddable":true,"href":"https:\/\/www.bianca-roters.de\/index.php?rest_route=%2Fwp%2Fv2%2Fcomments&post=471"}],"version-history":[{"count":9,"href":"https:\/\/www.bianca-roters.de\/index.php?rest_route=\/wp\/v2\/pages\/471\/revisions"}],"predecessor-version":[{"id":865,"href":"https:\/\/www.bianca-roters.de\/index.php?rest_route=\/wp\/v2\/pages\/471\/revisions\/865"}],"up":[{"embeddable":true,"href":"https:\/\/www.bianca-roters.de\/index.php?rest_route=\/wp\/v2\/pages\/382"}],"wp:attachment":[{"href":"https:\/\/www.bianca-roters.de\/index.php?rest_route=%2Fwp%2Fv2%2Fmedia&parent=471"}],"curies":[{"name":"wp","href":"https:\/\/api.w.org\/{rel}","templated":true}]}}