{"id":720,"date":"2021-09-22T07:03:41","date_gmt":"2021-09-22T07:03:41","guid":{"rendered":"http:\/\/www.bianca-roters.de\/?page_id=720"},"modified":"2025-03-04T15:47:05","modified_gmt":"2025-03-04T15:47:05","slug":"workshopangebot","status":"publish","type":"page","link":"https:\/\/www.bianca-roters.de\/?page_id=720","title":{"rendered":"Workshops"},"content":{"rendered":"\n<blockquote class=\"wp-block-quote is-layout-flow wp-block-quote-is-layout-flow\">\n<p class=\"has-text-align-center\">Change will not come if we wait for some other person or some other time. We are the ones we&#8217;ve been waiting for. We are the change that we seek. <br>(Barack Obama)<\/p>\n\n\n\n<p><\/p>\n<\/blockquote>\n\n\n\n<p>Ich biete Vortr\u00e4ge und Workshops zu folgenden Themenbereichen an:<\/p>\n\n\n\n<div class=\"wp-block-pb-accordion-item c-accordion__item js-accordion-item no-js\" data-initially-open=\"false\" data-click-to-close=\"true\" data-auto-close=\"true\" data-scroll=\"false\" data-scroll-offset=\"0\"><h2 id=\"at-7200\" class=\"c-accordion__title js-accordion-controller\" role=\"button\"><strong>Digitale Unterrichtsentwicklung im (fr\u00fchen) Englischunterricht<\/strong><\/h2><div id=\"ac-7200\" class=\"c-accordion__content\">\n<ul class=\"wp-block-list\">\n<li>z.B. <em>Embracing the future <\/em>&#8211; Digitale Unterrichtsentwicklung im fr\u00fchen Englischunterricht (Fortbildung Schulamt Warendorf, zusammen mit Stephanie Holberg, ab Herbst 2025)<\/li>\n\n\n\n<li>z.B. Digitale Transformation des Sprachenunterrichts \u2013 Impulse und unterrichtliche Optionen, PH Bern (26.10.2024)<\/li>\n\n\n\n<li>z.B. <em>Digital Storytelling<\/em>, Fachforum Englisch, Institut f\u00fcr Qualit\u00e4tsentwicklung Mecklenburg-Vorpommern (13.10.2021)<\/li>\n<\/ul>\n<\/div><\/div>\n\n\n\n<div class=\"wp-block-pb-accordion-item c-accordion__item js-accordion-item no-js\" data-initially-open=\"false\" data-click-to-close=\"true\" data-auto-close=\"true\" data-scroll=\"false\" data-scroll-offset=\"0\"><h2 id=\"at-7201\" class=\"c-accordion__title js-accordion-controller\" role=\"button\"><strong>Mehrsprachigkeit &amp; Social Justice<\/strong><\/h2><div id=\"ac-7201\" class=\"c-accordion__content\">\n<p>A Seat at the Table: Plurilingualism in the EFL Classroom from the Perspective of Social Justice and Wellbeing, PH Heidelberg (5.6.2025)<\/p>\n<\/div><\/div>\n\n\n\n<div class=\"wp-block-pb-accordion-item c-accordion__item js-accordion-item no-js\" data-initially-open=\"false\" data-click-to-close=\"true\" data-auto-close=\"true\" data-scroll=\"false\" data-scroll-offset=\"0\"><h2 id=\"at-7202\" class=\"c-accordion__title js-accordion-controller\" role=\"button\"><strong>Inklusiver Englischunterricht &amp; Inklusive Aufgaben<\/strong><\/h2><div id=\"ac-7202\" class=\"c-accordion__content\">\n<ul class=\"wp-block-list\">\n<li>z.B. inklusive Wortschatzarbeit (Nachmittag der Fremdsprachen, Universit\u00e4t M\u00fcnster)<\/li>\n\n\n\n<li>z.B. Inklusiver Englischunterricht (ZfL Universit\u00e4t zu K\u00f6ln, PH Salzburg)<\/li>\n<\/ul>\n<\/div><\/div>\n\n\n\n<div class=\"wp-block-pb-accordion-item c-accordion__item js-accordion-item no-js\" data-initially-open=\"false\" data-click-to-close=\"true\" data-auto-close=\"true\" data-scroll=\"false\" data-scroll-offset=\"0\"><h2 id=\"at-7203\" class=\"c-accordion__title js-accordion-controller\" role=\"button\"><strong>Training von Reflexionskompetenz in der 1. &amp; 2. Phase<\/strong><\/h2><div id=\"ac-7203\" class=\"c-accordion__content\">\n<ul class=\"wp-block-list\">\n<li>z.B. BAK Lehrkr\u00e4ftetagung, Berlin<\/li>\n\n\n\n<li>z.B. Jahrestagung der gymnasialen STS (Leitungen), Schloss Etelsen, Langwedel, Veranstalter: Nieders\u00e4chsisches Landesinstitut f\u00fcr schulische Qualit\u00e4tsentwicklung (NLQ)<\/li>\n\n\n\n<li>z.B. das Konstrukt \u201eReflexion\u201c \u2013 Zur Ausbildung und Weiterentwicklung von Reflexionskompetenz. Zentrum f\u00fcr schulpraktische Studien, Hagen<\/li>\n<\/ul>\n<\/div><\/div>\n\n\n\n<div class=\"wp-block-pb-accordion-item c-accordion__item js-accordion-item no-js\" data-initially-open=\"false\" data-click-to-close=\"true\" data-auto-close=\"true\" data-scroll=\"false\" data-scroll-offset=\"0\"><h2 id=\"at-7204\" class=\"c-accordion__title js-accordion-controller\" role=\"button\"><strong>Forschendes Lernen<\/strong><\/h2><div id=\"ac-7204\" class=\"c-accordion__content\">\n<p>Begleitung von Forschenden Lernprozessen f\u00fcr Lehrende \/ Forschendes Studieren<\/p>\n\n\n\n<ul class=\"wp-block-list\">\n<li>z.B.&nbsp;Forschendes Lernen im Praxissemester&nbsp;(Zentrum f\u00fcr LehrerInnenbildung an der Universit\u00e4t zu K\u00f6ln)<\/li>\n\n\n\n<li>z.B. Shortcut \u201eForschendes Lernen\u201c, interne Fortbildung und Beratung (ifb), Ruhr-Universit\u00e4t Bochum<\/li>\n\n\n\n<li>z.B. \u201eForschendes Studieren\u201c, Hochschuldidaktisches Zentrums an der Universit\u00e4t Z\u00fcrich<\/li>\n<\/ul>\n<\/div><\/div>\n\n\n\n<div class=\"wp-block-pb-accordion-item c-accordion__item js-accordion-item no-js\" data-initially-open=\"false\" data-click-to-close=\"true\" data-auto-close=\"true\" data-scroll=\"false\" data-scroll-offset=\"0\"><h2 id=\"at-7205\" class=\"c-accordion__title js-accordion-controller\" role=\"button\"><strong>Lehrerkompetenzmessung und Unterrichtsforschung<\/strong><\/h2><div id=\"ac-7205\" class=\"c-accordion__content\">\n<ul class=\"wp-block-list\">\n<li>Workshop zur Messbarkeit von Kompetenzen, z.B. am Zentrum f\u00fcr Lehrerbildung an der Universit\u00e4t zu K\u00f6ln<\/li>\n\n\n\n<li>Unterrichtsforschung f\u00fcr Kinder, z.B. im Rahmen der&nbsp;K\u00f6lnerKinderUni<\/li>\n<\/ul>\n<\/div><\/div>\n","protected":false},"excerpt":{"rendered":"<p>Change will not come if we wait for some other person or some other time. We are the ones we&#8217;ve been waiting for. We are the change that we seek. (Barack Obama) Ich biete Vortr\u00e4ge und Workshops zu folgenden Themenbereichen an:<\/p>\n","protected":false},"author":1,"featured_media":0,"parent":0,"menu_order":3,"comment_status":"closed","ping_status":"closed","template":"","meta":{"footnotes":""},"class_list":["post-720","page","type-page","status-publish","hentry"],"_links":{"self":[{"href":"https:\/\/www.bianca-roters.de\/index.php?rest_route=\/wp\/v2\/pages\/720","targetHints":{"allow":["GET"]}}],"collection":[{"href":"https:\/\/www.bianca-roters.de\/index.php?rest_route=\/wp\/v2\/pages"}],"about":[{"href":"https:\/\/www.bianca-roters.de\/index.php?rest_route=\/wp\/v2\/types\/page"}],"author":[{"embeddable":true,"href":"https:\/\/www.bianca-roters.de\/index.php?rest_route=\/wp\/v2\/users\/1"}],"replies":[{"embeddable":true,"href":"https:\/\/www.bianca-roters.de\/index.php?rest_route=%2Fwp%2Fv2%2Fcomments&post=720"}],"version-history":[{"count":28,"href":"https:\/\/www.bianca-roters.de\/index.php?rest_route=\/wp\/v2\/pages\/720\/revisions"}],"predecessor-version":[{"id":1337,"href":"https:\/\/www.bianca-roters.de\/index.php?rest_route=\/wp\/v2\/pages\/720\/revisions\/1337"}],"wp:attachment":[{"href":"https:\/\/www.bianca-roters.de\/index.php?rest_route=%2Fwp%2Fv2%2Fmedia&parent=720"}],"curies":[{"name":"wp","href":"https:\/\/api.w.org\/{rel}","templated":true}]}}