{"id":732,"date":"2021-09-22T07:09:30","date_gmt":"2021-09-22T07:09:30","guid":{"rendered":"http:\/\/www.bianca-roters.de\/?page_id=732"},"modified":"2026-02-17T11:33:03","modified_gmt":"2026-02-17T11:33:03","slug":"gutachtertatigkeit","status":"publish","type":"page","link":"https:\/\/www.bianca-roters.de\/?page_id=732","title":{"rendered":"Gutachtert\u00e4tigkeit"},"content":{"rendered":"<p>The language learning journal<\/p>\n<p>Language Awareness<\/p>\n<p>Zeitschrift f\u00fcr Fremdsprachforschung (ZFF)<\/p>\n<p>Zeitschrift f\u00fcr P\u00e4dagogik<\/p>\n<p>die hochschullehre<\/p>\n<p>heiEDUCATION JOURNAL<\/p>\n","protected":false},"excerpt":{"rendered":"<p>The language learning journal Language Awareness Zeitschrift f\u00fcr Fremdsprachforschung (ZFF) Zeitschrift f\u00fcr P\u00e4dagogik die hochschullehre heiEDUCATION JOURNAL<\/p>\n","protected":false},"author":1,"featured_media":0,"parent":16,"menu_order":1,"comment_status":"closed","ping_status":"closed","template":"","meta":{"footnotes":""},"class_list":["post-732","page","type-page","status-publish","hentry"],"_links":{"self":[{"href":"https:\/\/www.bianca-roters.de\/index.php?rest_route=\/wp\/v2\/pages\/732","targetHints":{"allow":["GET"]}}],"collection":[{"href":"https:\/\/www.bianca-roters.de\/index.php?rest_route=\/wp\/v2\/pages"}],"about":[{"href":"https:\/\/www.bianca-roters.de\/index.php?rest_route=\/wp\/v2\/types\/page"}],"author":[{"embeddable":true,"href":"https:\/\/www.bianca-roters.de\/index.php?rest_route=\/wp\/v2\/users\/1"}],"replies":[{"embeddable":true,"href":"https:\/\/www.bianca-roters.de\/index.php?rest_route=%2Fwp%2Fv2%2Fcomments&post=732"}],"version-history":[{"count":5,"href":"https:\/\/www.bianca-roters.de\/index.php?rest_route=\/wp\/v2\/pages\/732\/revisions"}],"predecessor-version":[{"id":1716,"href":"https:\/\/www.bianca-roters.de\/index.php?rest_route=\/wp\/v2\/pages\/732\/revisions\/1716"}],"up":[{"embeddable":true,"href":"https:\/\/www.bianca-roters.de\/index.php?rest_route=\/wp\/v2\/pages\/16"}],"wp:attachment":[{"href":"https:\/\/www.bianca-roters.de\/index.php?rest_route=%2Fwp%2Fv2%2Fmedia&parent=732"}],"curies":[{"name":"wp","href":"https:\/\/api.w.org\/{rel}","templated":true}]}}